{"id":8,"date":"2015-09-30T20:48:52","date_gmt":"2015-09-30T20:48:52","guid":{"rendered":"https:\/\/www.alexandreortodontia.com.br\/site\/?page_id=8"},"modified":"2021-09-29T17:34:45","modified_gmt":"2021-09-29T20:34:45","slug":"agendamento-online","status":"publish","type":"page","link":"https:\/\/www.alexandreortodontia.com.br\/site\/agendamento-online\/","title":{"rendered":"Agende sua Avalia\u00e7\u00e3o"},"content":{"rendered":"<p>Agende sua avalia\u00e7\u00e3o utilizando o fomul\u00e1rio abaixo.<\/p>\n<div role=\"form\" class=\"wpcf7\" id=\"wpcf7-f67-o1\" dir=\"ltr\">\n<div class=\"screen-reader-response\"><\/div>\n<form action=\"\/site\/wp-json\/wp\/v2\/pages\/8#wpcf7-f67-o1\" method=\"post\" class=\"wpcf7-form\" novalidate=\"novalidate\">\n<div style=\"display: none;\">\n<input type=\"hidden\" name=\"_wpcf7\" value=\"67\" \/>\n<input type=\"hidden\" name=\"_wpcf7_version\" value=\"4.3.1\" \/>\n<input type=\"hidden\" name=\"_wpcf7_locale\" value=\"\" \/>\n<input type=\"hidden\" name=\"_wpcf7_unit_tag\" value=\"wpcf7-f67-o1\" \/>\n<input type=\"hidden\" name=\"_wpnonce\" value=\"b697eeb7a7\" \/>\n<\/div>\n<style>\nselect { height:35px; }\n<\/style>\n<div style=\"padding-left:15px;\">\nSeu nome<br \/>\n<span class=\"wpcf7-form-control-wrap nome\"><input type=\"text\" name=\"nome\" value=\"\" size=\"40\" class=\"wpcf7-form-control wpcf7-text wpcf7-validates-as-required\" aria-required=\"true\" aria-invalid=\"false\" \/><\/span><\/p>\n<p>E-mail<br \/>\n<span class=\"wpcf7-form-control-wrap email\"><input type=\"email\" name=\"email\" value=\"\" size=\"40\" class=\"wpcf7-form-control wpcf7-text wpcf7-email wpcf7-validates-as-required wpcf7-validates-as-email\" aria-required=\"true\" aria-invalid=\"false\" \/><\/span><\/p>\n<p>Telefone<br \/>\n<span class=\"wpcf7-form-control-wrap telefone\"><input type=\"text\" name=\"telefone\" value=\"\" size=\"40\" class=\"wpcf7-form-control wpcf7-text wpcf7-validates-as-required\" aria-required=\"true\" aria-invalid=\"false\" \/><\/span><\/p>\n<p>Cidade<br \/>\n<span class=\"wpcf7-form-control-wrap cidade\"><input type=\"text\" name=\"cidade\" value=\"\" size=\"40\" class=\"wpcf7-form-control wpcf7-text wpcf7-validates-as-required\" aria-required=\"true\" aria-invalid=\"false\" \/><\/span><\/p>\n<p>Data<br \/>\n<span class=\"wpcf7-form-control-wrap data\"><input type=\"text\" name=\"data\" value=\"\" size=\"40\" class=\"wpcf7-form-control wpcf7-text wpcf7-validates-as-required\" aria-required=\"true\" aria-invalid=\"false\" \/><\/span><\/p>\n<p>Hor\u00e1rio<br \/>\n<span class=\"wpcf7-form-control-wrap hora\"><input type=\"text\" name=\"hora\" value=\"\" size=\"40\" class=\"wpcf7-form-control wpcf7-text wpcf7-validates-as-required\" aria-required=\"true\" aria-invalid=\"false\" \/><\/span><\/p>\n<p><input type=\"submit\" value=\"Enviar\" class=\"wpcf7-form-control wpcf7-submit\" \/><\/p>\n<div align=\"center\">\n<h2>Hor\u00e1rio de Atendimento<\/h2>\n<p>   <strong>Entraremos em contato para a confirma\u00e7\u00e3o da disponibilidade de sua consulta no hor\u00e1rio desejado.<\/strong>\n   <\/div>\n<div class=\"wpcf7-response-output wpcf7-display-none\"><\/div><\/form><\/div>\n<div style=\"display: none;\">\n<p>ortodontia passo fundo dentista ou dentista, cirurgia odontologica passo fundo, ortodontia, passo fundo RS, ortodontia e aparelho dental passo fundo<\/p>\n<h1>ortodontia em passo fundo,\u00a0aparelho dental ortodontia passo fundo, dentista ou dentista,<\/h1>\n<h2>ortodontia em passo fundo, ortodontia passo fundo e regi\u00e3o, dentista ou dentista em passo fundo, ortodontia aparelho dental, ortodontia, ortodontia, para passo fundo e regi\u00e3o, ortodontia para passo fundo e regi\u00e3o\u00a0cirurgia odontologica ortodontia em passo fundo, ortodontia passo fundo e regi\u00e3o, dentista ou dentista em passo fundo, ortodontia aparelho dental ortodontia, ortodontia, ortodontia,<a title=\"cirurgia odontologica ortodontia em passo fundo, ortodontia passo fundo e regi\u00e3o, dentista ou dentista em passo fundo, ortodontia aparelho dental ortodontia, ortodontia, ortodontia, para passo fundo e regi\u00e3o, ortodontia para passo fundo e regi\u00e3o\" href=\"https:\/\/www.alexandreortodontia.com.br\">para passo fundo e regi\u00e3o, ortodontia para passo fundo e regi\u00e3o\u00a0cirurgia odontologica ortodontia em passo fundo, ortodontia passo fundo e regi\u00e3o, dentista ou dentista em passo fundo, ortodontia aparelho dental ortodontia, ortodontia, ortodontia<\/a>, para passo fundo e regi\u00e3o, ortodontia para passo fundo e regi\u00e3o\u00a0cirurgia odontologica ortodontia em passo fundo, ortodontia passo fundo e regi\u00e3o, dentista ou dentista em passo fundo, ortodontia aparelho dental ortodontia, ortodontia, ortodontia, para passo fundo e regi\u00e3o, ortodontia para passo fundo e regi\u00e3o\u00a0cirurgia odontologica ortodontia em passo fundo, ortodontia passo fundo e regi\u00e3o, dentista ou dentista em passo fundo, ortodontia aparelho dental ortodontia, ortodontia, ortodontia, para passo fundo e regi\u00e3o,<a title=\"cirurgia odontologica ortodontia em passo fundo, ortodontia passo fundo e regi\u00e3o, dentista ou dentista em passo fundo, ortodontia aparelho dental ortodontia, ortodontia, ortodontia, para passo fundo e regi\u00e3o, ortodontia para passo fundo e regi\u00e3o\" href=\"https:\/\/www.alexandreortodontia.com.br\/site\">ortodontia para passo fundo e regi\u00e3o\u00a0cirurgia odontologica ortodontia em passo fundo, ortodontia passo fundo e regi\u00e3o, ortodontia em passo fundo<\/a> ortodontia aparelho dental ortodontia, ortodontia, ortodontia, para passo fundo e regi\u00e3o, ortodontia para passo fundo e regi\u00e3o<\/h2>\n<div id=\"attachment_747\" style=\"width: 353px\" class=\"wp-caption aligncenter\"><a href=\"https:\/\/www.alexandreortodontia.com.br\/site\/wp-content\/uploads\/2017\/06\/Passo-Fundo-ortodontia.jpg\"><img decoding=\"async\" aria-describedby=\"caption-attachment-747\" class=\"size-full wp-image-747 \" title=\"cirurgia odontologica ortodontia em passo fundo\" src=\"https:\/\/www.alexandreortodontia.com.br\/site\/wp-content\/uploads\/2017\/06\/Passo-Fundo-ortodontia.jpg\" alt=\"cirurgia odontologica ortodontia em passo fundo\" width=\"343\" height=\"300\"  loading=\"lazy\" \/><\/a><p id=\"caption-attachment-747\" class=\"wp-caption-text\">cirurgia odontologica ortodontia em passo fundo<\/p><\/div>\n<\/div>\n","protected":false},"excerpt":{"rendered":"<p>Agende sua avalia\u00e7\u00e3o utilizando o fomul\u00e1rio abaixo. ortodontia passo fundo dentista ou dentista, cirurgia odontologica passo fundo, ortodontia, passo fundo RS, ortodontia e aparelho dental passo fundo ortodontia em passo fundo,\u00a0aparelho dental ortodontia passo fundo, dentista ou dentista, ortodontia em passo fundo, ortodontia passo fundo e regi\u00e3o, dentista ou dentista em passo fundo, ortodontia aparelho [&hellip;]<\/p>\n","protected":false},"author":1,"featured_media":0,"parent":0,"menu_order":0,"comment_status":"closed","ping_status":"closed","template":"","meta":{"footnotes":""},"class_list":["post-8","page","type-page","status-publish","hentry"],"_links":{"self":[{"href":"https:\/\/www.alexandreortodontia.com.br\/site\/wp-json\/wp\/v2\/pages\/8","targetHints":{"allow":["GET"]}}],"collection":[{"href":"https:\/\/www.alexandreortodontia.com.br\/site\/wp-json\/wp\/v2\/pages"}],"about":[{"href":"https:\/\/www.alexandreortodontia.com.br\/site\/wp-json\/wp\/v2\/types\/page"}],"author":[{"embeddable":true,"href":"https:\/\/www.alexandreortodontia.com.br\/site\/wp-json\/wp\/v2\/users\/1"}],"replies":[{"embeddable":true,"href":"https:\/\/www.alexandreortodontia.com.br\/site\/wp-json\/wp\/v2\/comments?post=8"}],"version-history":[{"count":0,"href":"https:\/\/www.alexandreortodontia.com.br\/site\/wp-json\/wp\/v2\/pages\/8\/revisions"}],"wp:attachment":[{"href":"https:\/\/www.alexandreortodontia.com.br\/site\/wp-json\/wp\/v2\/media?parent=8"}],"curies":[{"name":"wp","href":"https:\/\/api.w.org\/{rel}","templated":true}]}}