{"id":59,"date":"2015-10-12T21:43:56","date_gmt":"2015-10-13T00:43:56","guid":{"rendered":"https:\/\/www.alexandreortodontia.com.br\/site\/?page_id=59"},"modified":"2023-09-02T19:31:55","modified_gmt":"2023-09-02T22:31:55","slug":"carlos-alexandre-woitchunas","status":"publish","type":"page","link":"https:\/\/www.alexandreortodontia.com.br\/site\/carlos-alexandre-woitchunas\/","title":{"rendered":"Dr. Alexandre"},"content":{"rendered":"<h3 style=\"color: #000000; text-align: left;\"><a href=\"https:\/\/www.alexandreortodontia.com.br\/site\/wp-content\/uploads\/2023\/09\/perfil-1.png\"><img decoding=\"async\" class=\"wp-image-854 size-full alignright\" src=\"https:\/\/www.alexandreortodontia.com.br\/site\/wp-content\/uploads\/2023\/09\/perfil-1.png\" alt=\"\" width=\"348\" height=\"330\"  loading=\"lazy\" srcset=\"https:\/\/www.alexandreortodontia.com.br\/site\/wp-content\/uploads\/2023\/09\/perfil-1.png 348w, https:\/\/www.alexandreortodontia.com.br\/site\/wp-content\/uploads\/2023\/09\/perfil-1-300x284.png 300w\" sizes=\"auto, (max-width: 348px) 100vw, 348px\" \/><\/a><\/h3>\n<h1 class=\"titulo1\" align=\"center\">Um pouco sobre mim<\/h1>\n<ul>\n<li class=\"textoIntro5\">Doutor em Odontologia pela Pontif\u00edcia Universidade Cat\u00f3lica (PUCRS).<\/li>\n<li class=\"textoIntro5\">Especialista em Ortodontia e Ortopedia Facial pela Universidade de Passo Fundo (UPF).<\/li>\n<li class=\"textoIntro5\">Graduado em Odontologia pela Universidade de Passo Fundo (UPF).<\/li>\n<\/ul>\n<p>Dr. Alexandre Woitchunas realiza tratamentos ortod\u00f4nticos baseados no diagn\u00f3stico diferenciado e na planifica\u00e7\u00e3o criteriosa.<\/p>\n<p>A experi\u00eancia, o conhecimento e o atendimento personalizado disponibilizam tratamentos adequados para a necessidade do paciente, oferecendo desde o convencional at\u00e9 o mais avan\u00e7ado.Os diferenciais para escolher o melhor conceito em tratamento ortod\u00f4ntico est\u00e3o presentes na busca cont\u00ednua de aperfei\u00e7oamento, de novas tecnologias, de cuidado com o paciente e de planejamento ortod\u00f4ntico.<\/p>\n<p>&nbsp;<\/p>\n<div style=\"display: none;\">\n<p>ortodontia passo fundo dentista ou dentista, cirurgia odontologica passo fundo, ortodontia, passo fundo RS, ortodontia e aparelho dental passo fundo<\/p>\n<h1>ortodontia em passo fundo,\u00a0aparelho dental ortodontia passo fundo, dentista ou dentista,<\/h1>\n<h2>ortodontia em passo fundo, ortodontia passo fundo e regi\u00e3o, dentista ou dentista em passo fundo, ortodontia aparelho dental, ortodontia, ortodontia, para passo fundo e regi\u00e3o, ortodontia para passo fundo e regi\u00e3o\u00a0cirurgia odontologica ortodontia em passo fundo, ortodontia passo fundo e regi\u00e3o, dentista ou dentista em passo fundo, ortodontia aparelho dental ortodontia, ortodontia, ortodontia,<a title=\"cirurgia odontologica ortodontia em passo fundo, ortodontia passo fundo e regi\u00e3o, dentista ou dentista em passo fundo, ortodontia aparelho dental ortodontia, ortodontia, ortodontia, para passo fundo e regi\u00e3o, ortodontia para passo fundo e regi\u00e3o\" href=\"https:\/\/www.alexandreortodontia.com.br\">para passo fundo e regi\u00e3o, ortodontia para passo fundo e regi\u00e3o\u00a0cirurgia odontologica ortodontia em passo fundo, ortodontia passo fundo e regi\u00e3o, dentista ou dentista em passo fundo, ortodontia aparelho dental ortodontia, ortodontia, ortodontia<\/a>, para passo fundo e regi\u00e3o, ortodontia para passo fundo e regi\u00e3o\u00a0cirurgia odontologica ortodontia em passo fundo, ortodontia passo fundo e regi\u00e3o, dentista ou dentista em passo fundo, ortodontia aparelho dental ortodontia, ortodontia, ortodontia, para passo fundo e regi\u00e3o, ortodontia para passo fundo e regi\u00e3o\u00a0cirurgia odontologica ortodontia em passo fundo, ortodontia passo fundo e regi\u00e3o, dentista ou dentista em passo fundo, ortodontia aparelho dental ortodontia, ortodontia, ortodontia, para passo fundo e regi\u00e3o,<a title=\"cirurgia odontologica ortodontia em passo fundo, ortodontia passo fundo e regi\u00e3o, dentista ou dentista em passo fundo, ortodontia aparelho dental ortodontia, ortodontia, ortodontia, para passo fundo e regi\u00e3o, ortodontia para passo fundo e regi\u00e3o\" href=\"https:\/\/www.alexandreortodontia.com.br\/site\">ortodontia para passo fundo e regi\u00e3o\u00a0cirurgia odontologica ortodontia em passo fundo, ortodontia passo fundo e regi\u00e3o, ortodontia em passo fundo<\/a> ortodontia aparelho dental ortodontia, ortodontia, ortodontia, para passo fundo e regi\u00e3o, ortodontia para passo fundo e regi\u00e3o<\/h2>\n<div id=\"attachment_747\" style=\"width: 353px\" class=\"wp-caption aligncenter\"><a href=\"https:\/\/www.alexandreortodontia.com.br\/site\/wp-content\/uploads\/2017\/06\/Passo-Fundo-ortodontia.jpg\"><img decoding=\"async\" aria-describedby=\"caption-attachment-747\" class=\"size-full wp-image-747 \" title=\"cirurgia odontologica ortodontia em passo fundo\" src=\"https:\/\/www.alexandreortodontia.com.br\/site\/wp-content\/uploads\/2017\/06\/Passo-Fundo-ortodontia.jpg\" alt=\"cirurgia odontologica ortodontia em passo fundo\" width=\"343\" height=\"300\"  loading=\"lazy\" \/><\/a><p id=\"caption-attachment-747\" class=\"wp-caption-text\">cirurgia odontologica ortodontia em passo fundo<\/p><\/div>\n<\/div>\n","protected":false},"excerpt":{"rendered":"<p>Um pouco sobre mim Doutor em Odontologia pela Pontif\u00edcia Universidade Cat\u00f3lica (PUCRS). Especialista em Ortodontia e Ortopedia Facial pela Universidade de Passo Fundo (UPF). Graduado em Odontologia pela Universidade de Passo Fundo (UPF). Dr. Alexandre Woitchunas realiza tratamentos ortod\u00f4nticos baseados no diagn\u00f3stico diferenciado e na planifica\u00e7\u00e3o criteriosa. A experi\u00eancia, o conhecimento e o atendimento personalizado [&hellip;]<\/p>\n","protected":false},"author":1,"featured_media":0,"parent":0,"menu_order":0,"comment_status":"closed","ping_status":"closed","template":"","meta":{"footnotes":""},"class_list":["post-59","page","type-page","status-publish","hentry"],"_links":{"self":[{"href":"https:\/\/www.alexandreortodontia.com.br\/site\/wp-json\/wp\/v2\/pages\/59","targetHints":{"allow":["GET"]}}],"collection":[{"href":"https:\/\/www.alexandreortodontia.com.br\/site\/wp-json\/wp\/v2\/pages"}],"about":[{"href":"https:\/\/www.alexandreortodontia.com.br\/site\/wp-json\/wp\/v2\/types\/page"}],"author":[{"embeddable":true,"href":"https:\/\/www.alexandreortodontia.com.br\/site\/wp-json\/wp\/v2\/users\/1"}],"replies":[{"embeddable":true,"href":"https:\/\/www.alexandreortodontia.com.br\/site\/wp-json\/wp\/v2\/comments?post=59"}],"version-history":[{"count":8,"href":"https:\/\/www.alexandreortodontia.com.br\/site\/wp-json\/wp\/v2\/pages\/59\/revisions"}],"predecessor-version":[{"id":856,"href":"https:\/\/www.alexandreortodontia.com.br\/site\/wp-json\/wp\/v2\/pages\/59\/revisions\/856"}],"wp:attachment":[{"href":"https:\/\/www.alexandreortodontia.com.br\/site\/wp-json\/wp\/v2\/media?parent=59"}],"curies":[{"name":"wp","href":"https:\/\/api.w.org\/{rel}","templated":true}]}}