{"id":569,"date":"2018-06-19T19:20:01","date_gmt":"2018-06-19T22:20:01","guid":{"rendered":"https:\/\/www.alexandreortodontia.com.br\/site\/?page_id=569"},"modified":"2023-09-02T19:11:48","modified_gmt":"2023-09-02T22:11:48","slug":"diferenciais","status":"publish","type":"page","link":"https:\/\/www.alexandreortodontia.com.br\/site\/diferenciais\/","title":{"rendered":"Diferenciais"},"content":{"rendered":"<h2 style=\"text-align: center;\"><strong>Conhe\u00e7a os Diferenciais da Nossa Cl\u00ednica<\/strong><\/h2>\n<h2><a href=\"https:\/\/www.alexandreortodontia.com.br\/site\/wp-content\/uploads\/2018\/06\/kid-1.png\"><img decoding=\"async\" class=\"aligncenter wp-image-584 size-full\" src=\"https:\/\/www.alexandreortodontia.com.br\/site\/wp-content\/uploads\/2018\/06\/kid-1.png\" alt=\"\" width=\"195\" height=\"219\"  loading=\"lazy\" \/><\/a><\/h2>\n<h2 style=\"text-align: center;\">Direcionamento do Crescimento Facial em Crian\u00e7as<\/h2>\n<h2 style=\"text-align: center;\"><a href=\"https:\/\/www.alexandreortodontia.com.br\/site\/wp-content\/uploads\/2018\/06\/bra-1.png\"><img decoding=\"async\" class=\"aligncenter wp-image-585 size-full\" src=\"https:\/\/www.alexandreortodontia.com.br\/site\/wp-content\/uploads\/2018\/06\/bra-1.png\" alt=\"\" width=\"195\" height=\"219\"  loading=\"lazy\" \/><\/a><\/h2>\n<h2 style=\"text-align: center;\">Aparelhos Ortod\u00f4nticos Invis\u00edveis<\/h2>\n<h2><a href=\"https:\/\/www.alexandreortodontia.com.br\/site\/wp-content\/uploads\/2018\/06\/cri-1.png\"><img decoding=\"async\" class=\"aligncenter wp-image-586 size-full\" src=\"https:\/\/www.alexandreortodontia.com.br\/site\/wp-content\/uploads\/2018\/06\/cri-1.png\" alt=\"\" width=\"195\" height=\"219\"  loading=\"lazy\" \/><\/a><\/h2>\n<h2 style=\"text-align: center;\">Especialista em Ortodontia Infantil<\/h2>\n<h2><a href=\"https:\/\/www.alexandreortodontia.com.br\/site\/wp-content\/uploads\/2018\/06\/laser.png\"><img decoding=\"async\" class=\"aligncenter size-full wp-image-588\" src=\"https:\/\/www.alexandreortodontia.com.br\/site\/wp-content\/uploads\/2018\/06\/laser.png\" alt=\"\" width=\"195\" height=\"219\"  loading=\"lazy\" \/><\/a><\/h2>\n<h2 style=\"text-align: center;\">Aplica\u00e7\u00e3o de Laser para Sensibilidade durante a Movimenta\u00e7\u00e3o Ortod\u00f4ntica<\/h2>\n<h2 style=\"text-align: center;\"><a href=\"https:\/\/www.alexandreortodontia.com.br\/site\/wp-content\/uploads\/2018\/06\/icones_03.png\"><img decoding=\"async\" class=\"size-full wp-image-575 aligncenter\" src=\"https:\/\/www.alexandreortodontia.com.br\/site\/wp-content\/uploads\/2018\/06\/icones_03.png\" alt=\"\" width=\"184\" height=\"219\"  loading=\"lazy\" \/><\/a><\/h2>\n<h2 style=\"text-align: center;\">Equipe com Especializa\u00e7\u00e3o a N\u00edvel Internacional<\/h2>\n<h2 style=\"text-align: center;\"><a href=\"https:\/\/www.alexandreortodontia.com.br\/site\/wp-content\/uploads\/2018\/06\/icones_07.png\"><img decoding=\"async\" class=\"size-full wp-image-578 aligncenter\" src=\"https:\/\/www.alexandreortodontia.com.br\/site\/wp-content\/uploads\/2018\/06\/icones_07.png\" alt=\"\" width=\"195\" height=\"219\"  loading=\"lazy\" \/><\/a><\/h2>\n<h2 style=\"text-align: center;\">Bloco Cir\u00fargico<\/h2>\n<h2 style=\"text-align: center;\"><a href=\"https:\/\/www.alexandreortodontia.com.br\/site\/wp-content\/uploads\/2018\/06\/icones_04.png\"><img decoding=\"async\" class=\"size-full wp-image-576 aligncenter\" src=\"https:\/\/www.alexandreortodontia.com.br\/site\/wp-content\/uploads\/2018\/06\/icones_04.png\" alt=\"\" width=\"187\" height=\"219\"  loading=\"lazy\" \/><\/a><\/h2>\n<h2 style=\"text-align: center;\">Gerador de Energia Pr\u00f3prio<\/h2>\n<h2 style=\"text-align: center;\"><a href=\"https:\/\/www.alexandreortodontia.com.br\/site\/wp-content\/uploads\/2018\/06\/icones_06.png\"><img decoding=\"async\" class=\"size-full wp-image-577 aligncenter\" src=\"https:\/\/www.alexandreortodontia.com.br\/site\/wp-content\/uploads\/2018\/06\/icones_06.png\" alt=\"\" width=\"169\" height=\"219\"  loading=\"lazy\" \/><\/a><\/h2>\n<h2 style=\"text-align: center;\">Estacionamento Conveniado<\/h2>\n<h2 style=\"text-align: center;\"><a href=\"https:\/\/www.alexandreortodontia.com.br\/site\/wp-content\/uploads\/2018\/06\/icones_02.png\"><img decoding=\"async\" class=\"size-full wp-image-574 aligncenter\" src=\"https:\/\/www.alexandreortodontia.com.br\/site\/wp-content\/uploads\/2018\/06\/icones_02.png\" alt=\"\" width=\"196\" height=\"219\"  loading=\"lazy\" \/><\/a><\/h2>\n<h2 style=\"text-align: center;\">Wifi Zone<\/h2>\n<h2 style=\"text-align: center;\"><\/h2>\n","protected":false},"excerpt":{"rendered":"<p>Conhe\u00e7a os Diferenciais da Nossa Cl\u00ednica Direcionamento do Crescimento Facial em Crian\u00e7as Aparelhos Ortod\u00f4nticos Invis\u00edveis Especialista em Ortodontia Infantil Aplica\u00e7\u00e3o de Laser para Sensibilidade durante a Movimenta\u00e7\u00e3o Ortod\u00f4ntica Equipe com Especializa\u00e7\u00e3o a N\u00edvel Internacional Bloco Cir\u00fargico Gerador de Energia Pr\u00f3prio Estacionamento Conveniado Wifi Zone<\/p>\n","protected":false},"author":1,"featured_media":0,"parent":0,"menu_order":0,"comment_status":"closed","ping_status":"closed","template":"","meta":{"footnotes":""},"class_list":["post-569","page","type-page","status-publish","hentry"],"_links":{"self":[{"href":"https:\/\/www.alexandreortodontia.com.br\/site\/wp-json\/wp\/v2\/pages\/569","targetHints":{"allow":["GET"]}}],"collection":[{"href":"https:\/\/www.alexandreortodontia.com.br\/site\/wp-json\/wp\/v2\/pages"}],"about":[{"href":"https:\/\/www.alexandreortodontia.com.br\/site\/wp-json\/wp\/v2\/types\/page"}],"author":[{"embeddable":true,"href":"https:\/\/www.alexandreortodontia.com.br\/site\/wp-json\/wp\/v2\/users\/1"}],"replies":[{"embeddable":true,"href":"https:\/\/www.alexandreortodontia.com.br\/site\/wp-json\/wp\/v2\/comments?post=569"}],"version-history":[{"count":2,"href":"https:\/\/www.alexandreortodontia.com.br\/site\/wp-json\/wp\/v2\/pages\/569\/revisions"}],"predecessor-version":[{"id":853,"href":"https:\/\/www.alexandreortodontia.com.br\/site\/wp-json\/wp\/v2\/pages\/569\/revisions\/853"}],"wp:attachment":[{"href":"https:\/\/www.alexandreortodontia.com.br\/site\/wp-json\/wp\/v2\/media?parent=569"}],"curies":[{"name":"wp","href":"https:\/\/api.w.org\/{rel}","templated":true}]}}