{"id":247,"date":"2016-04-12T14:56:33","date_gmt":"2016-04-12T17:56:33","guid":{"rendered":"https:\/\/www.alexandreortodontia.com.br\/site\/?page_id=247"},"modified":"2023-09-02T18:42:34","modified_gmt":"2023-09-02T21:42:34","slug":"clinica","status":"publish","type":"page","link":"https:\/\/www.alexandreortodontia.com.br\/site\/clinica\/","title":{"rendered":"A Cl\u00ednica"},"content":{"rendered":"<p style=\"text-align: center;\">A Cl\u00ednica Alexandre\u00a0Woitchunas oferece para o seu melhor atendimento, seguran\u00e7a e comodidade:<\/p>\n<ul>\n<li style=\"text-align: center;\"><strong><em>Ambiente climatizado e de f\u00e1cil acesso;<\/em><\/strong><\/li>\n<li style=\"text-align: center;\"><strong><em>Gerador pr\u00f3prio;<\/em><\/strong><\/li>\n<li style=\"text-align: center;\"><strong><em>Ambiente wifi;<\/em><\/strong><\/li>\n<li style=\"text-align: center;\"><strong><em>Sala cir\u00fargica;<\/em><\/strong><\/li>\n<li style=\"text-align: center;\"><strong><em>Central de esteriliza\u00e7\u00e3o;<\/em><\/strong><\/li>\n<li style=\"text-align: center;\"><strong><em>Conv\u00eanios com os hospitais de refer\u00eancia para procedimentos hospitalares;<\/em><\/strong><\/li>\n<\/ul>\n<p style=\"text-align: center;\">Venha conhecer os tratamentos integrados faciais, est\u00e9ticos e cir\u00fargicos na especialidade de Odontologia.<\/p>\n<div class=\"foogallery foogallery-container foogallery-default foogallery-lightbox-foobox fg-gutter-10 fg-center fg-default fg-light fg-border-medium fg-round-medium fg-shadow-small fg-shadow-inset-medium fg-loading-default fg-loaded-fade-in fg-custom   fg-caption-hover fg-hover-fade fg-hover-zoom\" id=\"foogallery-gallery-540\" data-foogallery=\"{&quot;item&quot;:{&quot;showCaptionTitle&quot;:false,&quot;showCaptionDescription&quot;:false},&quot;lazy&quot;:true,&quot;src&quot;:&quot;data-src-fg&quot;,&quot;srcset&quot;:&quot;data-srcset-fg&quot;}\" data-fg-common-fields=\"1\" >\n\t<div class=\"fg-item\"><figure class=\"fg-item-inner\"><a  href=\"https:\/\/www.alexandreortodontia.com.br\/site\/wp-content\/uploads\/2018\/03\/IMG_4607.jpg\" data-attachment-id=\"770\" class=\" fg-thumb\"><img  width=\"300\" height=\"300\" data-src-fg=\"https:\/\/www.alexandreortodontia.com.br\/site\/wp-content\/uploads\/cache\/2018\/03\/IMG_4607\/425922948.jpg\" class=\"fg-image\" \/><\/a><figcaption class=\"fg-caption\"><div class=\"fg-caption-inner\"><\/div><\/figcaption><\/figure><\/div><div class=\"fg-item\"><figure class=\"fg-item-inner\"><a  href=\"https:\/\/www.alexandreortodontia.com.br\/site\/wp-content\/uploads\/2018\/03\/IMG_4609.jpg\" data-attachment-id=\"771\" class=\" fg-thumb\"><img  width=\"300\" height=\"300\" data-src-fg=\"https:\/\/www.alexandreortodontia.com.br\/site\/wp-content\/uploads\/cache\/2018\/03\/IMG_4609\/4235417370.jpg\" class=\"fg-image\" \/><\/a><figcaption class=\"fg-caption\"><div class=\"fg-caption-inner\"><\/div><\/figcaption><\/figure><\/div><div class=\"fg-item\"><figure class=\"fg-item-inner\"><a  href=\"https:\/\/www.alexandreortodontia.com.br\/site\/wp-content\/uploads\/2018\/03\/IMG_4553.jpg\" data-attachment-id=\"774\" class=\" fg-thumb\"><img  width=\"300\" height=\"300\" data-src-fg=\"https:\/\/www.alexandreortodontia.com.br\/site\/wp-content\/uploads\/cache\/2018\/03\/IMG_4553\/1208139520.jpg\" class=\"fg-image\" \/><\/a><figcaption class=\"fg-caption\"><div class=\"fg-caption-inner\"><\/div><\/figcaption><\/figure><\/div><div class=\"fg-item\"><figure class=\"fg-item-inner\"><a  href=\"https:\/\/www.alexandreortodontia.com.br\/site\/wp-content\/uploads\/2018\/03\/IMG_4584.jpg\" data-attachment-id=\"784\" class=\" fg-thumb\"><img  width=\"300\" height=\"300\" data-src-fg=\"https:\/\/www.alexandreortodontia.com.br\/site\/wp-content\/uploads\/cache\/2018\/03\/IMG_4584\/2329714837.jpg\" class=\"fg-image\" \/><\/a><figcaption class=\"fg-caption\"><div class=\"fg-caption-inner\"><\/div><\/figcaption><\/figure><\/div><div class=\"fg-item\"><figure class=\"fg-item-inner\"><a  href=\"https:\/\/www.alexandreortodontia.com.br\/site\/wp-content\/uploads\/2018\/03\/IMG_4586.jpg\" data-attachment-id=\"766\" class=\" fg-thumb\"><img  width=\"300\" height=\"300\" data-src-fg=\"https:\/\/www.alexandreortodontia.com.br\/site\/wp-content\/uploads\/cache\/2018\/03\/IMG_4586\/343444669.jpg\" class=\"fg-image\" \/><\/a><figcaption class=\"fg-caption\"><div class=\"fg-caption-inner\"><\/div><\/figcaption><\/figure><\/div><div class=\"fg-item\"><figure class=\"fg-item-inner\"><a  href=\"https:\/\/www.alexandreortodontia.com.br\/site\/wp-content\/uploads\/2018\/03\/IMG_4589.jpg\" data-attachment-id=\"767\" class=\" fg-thumb\"><img  width=\"300\" height=\"300\" data-src-fg=\"https:\/\/www.alexandreortodontia.com.br\/site\/wp-content\/uploads\/cache\/2018\/03\/IMG_4589\/1036176061.jpg\" class=\"fg-image\" \/><\/a><figcaption class=\"fg-caption\"><div class=\"fg-caption-inner\"><\/div><\/figcaption><\/figure><\/div><div class=\"fg-item\"><figure class=\"fg-item-inner\"><a  href=\"https:\/\/www.alexandreortodontia.com.br\/site\/wp-content\/uploads\/2018\/03\/IMG_4573.jpg\" data-attachment-id=\"782\" class=\" fg-thumb\"><img  width=\"300\" height=\"300\" data-src-fg=\"https:\/\/www.alexandreortodontia.com.br\/site\/wp-content\/uploads\/cache\/2018\/03\/IMG_4573\/292460406.jpg\" class=\"fg-image\" \/><\/a><figcaption class=\"fg-caption\"><div class=\"fg-caption-inner\"><\/div><\/figcaption><\/figure><\/div><div class=\"fg-item\"><figure class=\"fg-item-inner\"><a  href=\"https:\/\/www.alexandreortodontia.com.br\/site\/wp-content\/uploads\/2018\/03\/IMG_4572.jpg\" data-attachment-id=\"781\" class=\" fg-thumb\"><img  width=\"300\" height=\"300\" data-src-fg=\"https:\/\/www.alexandreortodontia.com.br\/site\/wp-content\/uploads\/cache\/2018\/03\/IMG_4572\/387673181.jpg\" class=\"fg-image\" \/><\/a><figcaption class=\"fg-caption\"><div class=\"fg-caption-inner\"><\/div><\/figcaption><\/figure><\/div><div class=\"fg-item\"><figure class=\"fg-item-inner\"><a  href=\"https:\/\/www.alexandreortodontia.com.br\/site\/wp-content\/uploads\/2018\/03\/IMG_4576.jpg\" data-attachment-id=\"783\" class=\" fg-thumb\"><img  width=\"300\" height=\"300\" data-src-fg=\"https:\/\/www.alexandreortodontia.com.br\/site\/wp-content\/uploads\/cache\/2018\/03\/IMG_4576\/2836712894.jpg\" class=\"fg-image\" \/><\/a><figcaption class=\"fg-caption\"><div class=\"fg-caption-inner\"><\/div><\/figcaption><\/figure><\/div><div class=\"fg-item\"><figure class=\"fg-item-inner\"><a  href=\"https:\/\/www.alexandreortodontia.com.br\/site\/wp-content\/uploads\/2018\/03\/IMG_4613.jpg\" data-attachment-id=\"772\" class=\" fg-thumb\"><img  width=\"300\" height=\"300\" data-src-fg=\"https:\/\/www.alexandreortodontia.com.br\/site\/wp-content\/uploads\/cache\/2018\/03\/IMG_4613\/2954339364.jpg\" class=\"fg-image\" \/><\/a><figcaption class=\"fg-caption\"><div class=\"fg-caption-inner\"><\/div><\/figcaption><\/figure><\/div><\/div>\n\n<div style=\"display: none;\">\n<p>ortodontia passo fundo dentista ou dentista, cirurgia odontologica passo fundo, ortodontia, passo fundo RS, ortodontia e aparelho dental passo fundo<\/p>\n<h1>ortodontia em passo fundo,\u00a0aparelho dental ortodontia passo fundo, dentista ou dentista,<\/h1>\n<h2>ortodontia em passo fundo, ortodontia passo fundo e regi\u00e3o, dentista ou dentista em passo fundo, ortodontia aparelho dental, ortodontia, ortodontia, para passo fundo e regi\u00e3o, ortodontia para passo fundo e regi\u00e3o\u00a0cirurgia odontologica ortodontia em passo fundo, ortodontia passo fundo e regi\u00e3o, dentista ou dentista em passo fundo, ortodontia aparelho dental ortodontia, ortodontia, ortodontia,<a title=\"cirurgia odontologica ortodontia em passo fundo, ortodontia passo fundo e regi\u00e3o, dentista ou dentista em passo fundo, ortodontia aparelho dental ortodontia, ortodontia, ortodontia, para passo fundo e regi\u00e3o, ortodontia para passo fundo e regi\u00e3o\" href=\"https:\/\/www.alexandreortodontia.com.br\">para passo fundo e regi\u00e3o, ortodontia para passo fundo e regi\u00e3o\u00a0cirurgia odontologica ortodontia em passo fundo, ortodontia passo fundo e regi\u00e3o, dentista ou dentista em passo fundo, ortodontia aparelho dental ortodontia, ortodontia, ortodontia<\/a>, para passo fundo e regi\u00e3o, ortodontia para passo fundo e regi\u00e3o\u00a0cirurgia odontologica ortodontia em passo fundo, ortodontia passo fundo e regi\u00e3o, dentista ou dentista em passo fundo, ortodontia aparelho dental ortodontia, ortodontia, ortodontia, para passo fundo e regi\u00e3o, ortodontia para passo fundo e regi\u00e3o\u00a0cirurgia odontologica ortodontia em passo fundo, ortodontia passo fundo e regi\u00e3o, dentista ou dentista em passo fundo, ortodontia aparelho dental ortodontia, ortodontia, ortodontia, para passo fundo e regi\u00e3o,<a title=\"cirurgia odontologica ortodontia em passo fundo, ortodontia passo fundo e regi\u00e3o, dentista ou dentista em passo fundo, ortodontia aparelho dental ortodontia, ortodontia, ortodontia, para passo fundo e regi\u00e3o, ortodontia para passo fundo e regi\u00e3o\" href=\"https:\/\/www.alexandreortodontia.com.br\/site\">ortodontia para passo fundo e regi\u00e3o\u00a0cirurgia odontologica ortodontia em passo fundo, ortodontia passo fundo e regi\u00e3o, ortodontia em passo fundo<\/a> ortodontia aparelho dental ortodontia, ortodontia, ortodontia, para passo fundo e regi\u00e3o, ortodontia para passo fundo e regi\u00e3o<\/h2>\n<div id=\"attachment_747\" style=\"width: 353px\" class=\"wp-caption aligncenter\"><a href=\"https:\/\/www.alexandreortodontia.com.br\/site\/wp-content\/uploads\/2017\/06\/Passo-Fundo-ortodontia.jpg\"><img decoding=\"async\" aria-describedby=\"caption-attachment-747\" class=\"size-full wp-image-747 \" title=\"cirurgia odontologica ortodontia em passo fundo\" src=\"https:\/\/www.alexandreortodontia.com.br\/site\/wp-content\/uploads\/2017\/06\/Passo-Fundo-ortodontia.jpg\" alt=\"cirurgia odontologica ortodontia em passo fundo\" width=\"343\" height=\"300\"  loading=\"lazy\" \/><\/a><p id=\"caption-attachment-747\" class=\"wp-caption-text\">cirurgia odontologica ortodontia em passo fundo<\/p><\/div>\n<\/div>\n","protected":false},"excerpt":{"rendered":"<p>A Cl\u00ednica Alexandre\u00a0Woitchunas oferece para o seu melhor atendimento, seguran\u00e7a e comodidade: Ambiente climatizado e de f\u00e1cil acesso; Gerador pr\u00f3prio; Ambiente wifi; Sala cir\u00fargica; Central de esteriliza\u00e7\u00e3o; Conv\u00eanios com os hospitais de refer\u00eancia para procedimentos hospitalares; Venha conhecer os tratamentos integrados faciais, est\u00e9ticos e cir\u00fargicos na especialidade de Odontologia. ortodontia passo fundo dentista ou dentista, [&hellip;]<\/p>\n","protected":false},"author":1,"featured_media":0,"parent":0,"menu_order":0,"comment_status":"closed","ping_status":"closed","template":"","meta":{"footnotes":""},"class_list":["post-247","page","type-page","status-publish","hentry"],"_links":{"self":[{"href":"https:\/\/www.alexandreortodontia.com.br\/site\/wp-json\/wp\/v2\/pages\/247","targetHints":{"allow":["GET"]}}],"collection":[{"href":"https:\/\/www.alexandreortodontia.com.br\/site\/wp-json\/wp\/v2\/pages"}],"about":[{"href":"https:\/\/www.alexandreortodontia.com.br\/site\/wp-json\/wp\/v2\/types\/page"}],"author":[{"embeddable":true,"href":"https:\/\/www.alexandreortodontia.com.br\/site\/wp-json\/wp\/v2\/users\/1"}],"replies":[{"embeddable":true,"href":"https:\/\/www.alexandreortodontia.com.br\/site\/wp-json\/wp\/v2\/comments?post=247"}],"version-history":[{"count":2,"href":"https:\/\/www.alexandreortodontia.com.br\/site\/wp-json\/wp\/v2\/pages\/247\/revisions"}],"predecessor-version":[{"id":849,"href":"https:\/\/www.alexandreortodontia.com.br\/site\/wp-json\/wp\/v2\/pages\/247\/revisions\/849"}],"wp:attachment":[{"href":"https:\/\/www.alexandreortodontia.com.br\/site\/wp-json\/wp\/v2\/media?parent=247"}],"curies":[{"name":"wp","href":"https:\/\/api.w.org\/{rel}","templated":true}]}}